{"id":16238,"date":"2019-03-22T12:57:43","date_gmt":"2019-03-22T12:57:43","guid":{"rendered":"https:\/\/www.rinconesdelvino.com\/ezcaray\/?page_id=16238"},"modified":"2019-03-23T17:29:05","modified_gmt":"2019-03-23T17:29:05","slug":"bodega","status":"publish","type":"page","link":"https:\/\/www.rinconesdelvino.com\/ezcaray\/bodega\/","title":{"rendered":"Bodega"},"content":{"rendered":"<p>[et_pb_section fb_built=&#8221;1&#8243; _builder_version=&#8221;3.0.47&#8243; custom_padding=&#8221;0|0px|0|0px|false|false&#8221;][et_pb_row custom_padding=&#8221;0px||&#8221; custom_margin=&#8221;||&#8221; _builder_version=&#8221;3.17.2&#8243; background_size=&#8221;initial&#8221; background_position=&#8221;top_left&#8221; background_repeat=&#8221;repeat&#8221;][et_pb_column type=&#8221;4_4&#8243; _builder_version=&#8221;3.0.47&#8243; parallax=&#8221;off&#8221; parallax_method=&#8221;on&#8221;][et_pb_image src=&#8221;https:\/\/www.rinconesdelvino.com\/ezcaray\/wp-content\/uploads\/2019\/03\/cabecera-2019-tienda.jpg&#8221; _builder_version=&#8221;3.17.2&#8243;]&nbsp;<br \/>\n[\/et_pb_image][\/et_pb_column][\/et_pb_row][et_pb_row use_custom_gutter=&#8221;on&#8221; custom_padding=&#8221;0px|0px|0px|0px|true|false&#8221; custom_margin=&#8221;||30px|&#8221; make_equal=&#8221;on&#8221; background_color_1=&#8221;#911414&#8243; background_color_2=&#8221;#7a9500&#8243; bg_img_1=&#8221;https:\/\/www.rinconesdelvino.com\/ezcaray\/wp-content\/uploads\/2019\/03\/tienda-col1.jpg&#8221; bg_img_2=&#8221;https:\/\/www.rinconesdelvino.com\/ezcaray\/wp-content\/uploads\/2016\/03\/comedor-chimenea.jpg&#8221; padding_top_bottom_link_1=&#8221;true&#8221; padding_top_bottom_link_2=&#8221;true&#8221; padding_left_right_link_1=&#8221;true&#8221; padding_left_right_link_2=&#8221;true&#8221; background_repeat_1=&#8221;no-repeat&#8221; background_repeat_2=&#8221;no-repeat&#8221; background_blend_2=&#8221;multiply&#8221; padding_top_2=&#8221;40px&#8221; padding_right_2=&#8221;40px&#8221; padding_bottom_2=&#8221;40px&#8221; padding_left_2=&#8221;40px&#8221; padding_2_phone=&#8221;40px|20px|40px|20px|true|true&#8221; padding_2_last_edited=&#8221;on|desktop&#8221; _builder_version=&#8221;3.17.2&#8243; animation_style=&#8221;slide&#8221; animation_direction=&#8221;bottom&#8221; animation_duration=&#8221;400ms&#8221;][et_pb_column type=&#8221;1_2&#8243; _builder_version=&#8221;3.0.47&#8243; bg_img=&#8221;https:\/\/www.rinconesdelvino.com\/ezcaray\/wp-content\/uploads\/2019\/03\/tienda-col1.jpg&#8221; background_color=&#8221;#911414&#8243; parallax=&#8221;off&#8221; parallax_method=&#8221;on&#8221; background_repeat=&#8221;no-repeat&#8221;][\/et_pb_column][et_pb_column type=&#8221;1_2&#8243; _builder_version=&#8221;3.0.47&#8243; padding_phone=&#8221;40px|20px|40px|20px|true|true&#8221; padding_last_edited=&#8221;on|desktop&#8221; padding_bottom=&#8221;40px&#8221; padding_left=&#8221;40px&#8221; padding_right=&#8221;40px&#8221; padding_top=&#8221;40px&#8221; bg_img=&#8221;https:\/\/www.rinconesdelvino.com\/ezcaray\/wp-content\/uploads\/2016\/03\/comedor-chimenea.jpg&#8221; background_color=&#8221;#7a9500&#8243; parallax=&#8221;off&#8221; parallax_method=&#8221;on&#8221; background_repeat=&#8221;no-repeat&#8221; background_blend=&#8221;multiply&#8221;][et_pb_divider color=&#8221;#ffffff&#8221; divider_position=&#8221;center&#8221; divider_weight=&#8221;2&#8243; height=&#8221;10px&#8221; _builder_version=&#8221;3.17.2&#8243; max_width=&#8221;20%&#8221; module_alignment=&#8221;left&#8221;]&nbsp;<br \/>\n[\/et_pb_divider][et_pb_text admin_label=&#8221;descripci\u00f3n de salones&#8221; _builder_version=&#8221;3.17.2&#8243; text_font_size=&#8221;18px&#8221; header_font=&#8221;||||||||&#8221; header_text_align=&#8221;left&#8221; header_font_size_phone=&#8221;26px&#8221; header_font_size_last_edited=&#8221;on|desktop&#8221; background_layout=&#8221;dark&#8221; max_width=&#8221;75%&#8221; max_width_last_edited=&#8221;on|desktop&#8221; module_alignment=&#8221;left&#8221;]<\/p>\n<h1>Nuestra bodega y tienda<\/h1>\n<p>\u00bfTe ha gustado el vino que bebiste en la comida? \u00bfTe gust\u00f3 nuestra recomendaci\u00f3n?<\/p>\n<p>Recuerda que si quieres, puedes llev\u00e1rtelo a tu casa por un precio incre\u00edble. Todo en el Restaurante El Rinc\u00f3n del Vino de Ezcaray.<br \/>\n[\/et_pb_text][et_pb_divider show_divider=&#8221;off&#8221; height=&#8221;50px&#8221; _builder_version=&#8221;3.17.2&#8243;]&nbsp;<br \/>\n[\/et_pb_divider][\/et_pb_column][\/et_pb_row][et_pb_row custom_padding=&#8221;0px||&#8221; custom_margin=&#8221;||&#8221; _builder_version=&#8221;3.17.2&#8243; background_size=&#8221;initial&#8221; background_position=&#8221;top_left&#8221; background_repeat=&#8221;repeat&#8221;][et_pb_column type=&#8221;4_4&#8243; _builder_version=&#8221;3.0.47&#8243; parallax=&#8221;off&#8221; parallax_method=&#8221;on&#8221;][et_pb_image src=&#8221;https:\/\/www.rinconesdelvino.com\/ezcaray\/wp-content\/uploads\/2019\/03\/tienda-col2.jpg&#8221; _builder_version=&#8221;3.17.2&#8243;]&nbsp;<br \/>\n[\/et_pb_image][\/et_pb_column][\/et_pb_row][et_pb_row use_custom_gutter=&#8221;on&#8221; custom_padding=&#8221;0px|0px|0px|0px|true|false&#8221; custom_margin=&#8221;||30px|&#8221; make_equal=&#8221;on&#8221; background_color_1=&#8221;#896b10&#8243; bg_img_1=&#8221;https:\/\/www.rinconesdelvino.com\/ezcaray\/wp-content\/uploads\/2019\/03\/tienda-col1.jpg&#8221; bg_img_2=&#8221;https:\/\/www.rinconesdelvino.com\/ezcaray\/wp-content\/uploads\/2019\/03\/tienda-col3.jpg&#8221; padding_top_bottom_link_1=&#8221;true&#8221; padding_top_bottom_link_2=&#8221;true&#8221; padding_left_right_link_1=&#8221;true&#8221; padding_left_right_link_2=&#8221;true&#8221; background_position_2=&#8221;top_center&#8221; background_repeat_1=&#8221;no-repeat&#8221; background_repeat_2=&#8221;no-repeat&#8221; background_blend_1=&#8221;multiply&#8221; padding_top_1=&#8221;40px&#8221; padding_right_1=&#8221;40px&#8221; padding_bottom_1=&#8221;40px&#8221; padding_left_1=&#8221;40px&#8221; padding_1_phone=&#8221;40px|20px|40px|20px|true|true&#8221; padding_1_last_edited=&#8221;on|desktop&#8221; _builder_version=&#8221;3.17.2&#8243;][et_pb_column type=&#8221;1_2&#8243; _builder_version=&#8221;3.0.47&#8243; padding_phone=&#8221;40px|20px|40px|20px|true|true&#8221; padding_last_edited=&#8221;on|desktop&#8221; padding_bottom=&#8221;40px&#8221; padding_left=&#8221;40px&#8221; padding_right=&#8221;40px&#8221; padding_top=&#8221;40px&#8221; bg_img=&#8221;https:\/\/www.rinconesdelvino.com\/ezcaray\/wp-content\/uploads\/2019\/03\/tienda-col1.jpg&#8221; background_color=&#8221;#896b10&#8243; parallax=&#8221;off&#8221; parallax_method=&#8221;on&#8221; background_repeat=&#8221;no-repeat&#8221; background_blend=&#8221;multiply&#8221;][et_pb_divider color=&#8221;#ffffff&#8221; divider_position=&#8221;center&#8221; divider_weight=&#8221;2&#8243; height=&#8221;10px&#8221; _builder_version=&#8221;3.17.2&#8243; max_width=&#8221;20%&#8221; module_alignment=&#8221;left&#8221;]&nbsp;<br \/>\n[\/et_pb_divider][et_pb_text admin_label=&#8221;Comedores&#8221; _builder_version=&#8221;3.17.2&#8243; text_font_size=&#8221;18px&#8221; header_font=&#8221;||||||||&#8221; header_text_align=&#8221;left&#8221; header_font_size_phone=&#8221;26px&#8221; header_font_size_last_edited=&#8221;on|desktop&#8221; header_4_text_align=&#8221;left&#8221; header_4_font_size=&#8221;14px&#8221; header_4_letter_spacing=&#8221;2px&#8221; header_5_font=&#8221;Abel||||||||&#8221; header_5_letter_spacing=&#8221;4px&#8221; background_layout=&#8221;dark&#8221; max_width=&#8221;70%&#8221; max_width_last_edited=&#8221;on|desktop&#8221; module_alignment=&#8221;left&#8221;]<\/p>\n<h1><\/h1>\n<p>Compra en tu visita<\/p>\n<p>&#8230;. Y ll\u00e9vate el mejor recuerdo de nuestro restaurante.<\/p>\n<p>\u00a0Un aroma, un sabor, un olor &#8230;<\/p>\n<p>&nbsp;<\/p>\n<p>&nbsp;<\/p>\n<p>&nbsp;<\/p>\n<p>&nbsp;<\/p>\n<h3><\/h3>\n<p>&nbsp;<\/p>\n<p>[\/et_pb_text][\/et_pb_column][et_pb_column type=&#8221;1_2&#8243; _builder_version=&#8221;3.0.47&#8243; bg_img=&#8221;https:\/\/www.rinconesdelvino.com\/ezcaray\/wp-content\/uploads\/2019\/03\/tienda-col3.jpg&#8221; parallax=&#8221;off&#8221; parallax_method=&#8221;on&#8221; background_position=&#8221;top_center&#8221; background_repeat=&#8221;no-repeat&#8221;][\/et_pb_column][\/et_pb_row][\/et_pb_section][et_pb_section fb_built=&#8221;1&#8243; admin_label=&#8221;Footer&#8221; module_id=&#8221;PIEPage&#8221; _builder_version=&#8221;3.17.2&#8243; background_color=&#8221;#1f1f1f&#8221; global_module=&#8221;16121&#8243; saved_tabs=&#8221;all&#8221;][et_pb_row _builder_version=&#8221;3.11&#8243;][et_pb_column type=&#8221;1_4&#8243; _builder_version=&#8221;3.0.47&#8243; parallax=&#8221;off&#8221; parallax_method=&#8221;on&#8221;][et_pb_text admin_label=&#8221;En contacto&#8221; _builder_version=&#8221;3.17.2&#8243; link_font=&#8221;Open Sans|600|||||||&#8221; link_text_color=&#8221;#8d8181&#8243; link_font_size=&#8221;16px&#8221; link_line_height=&#8221;2em&#8221; header_4_font=&#8221;Playfair Display SC||||||||&#8221; header_4_font_size=&#8221;20px&#8221; header_4_line_height=&#8221;1.5em&#8221; background_layout=&#8221;dark&#8221; custom_margin=&#8221;|||&#8221;]<\/p>\n<h4>En Contacto<\/h4>\n<p><a href=\"tel:941354375\">941 354 375<br \/><\/a><a href=\"mailto:ezcaray@rinconesdelvino.com\">ezcaray@rinconesdelvino.com<\/a><\/p>\n<p>[\/et_pb_text][et_pb_text admin_label=&#8221;Deseas ver m\u00e1s&#8221; _builder_version=&#8221;3.17.2&#8243; link_font=&#8221;Open Sans|600|||||||&#8221; link_text_color=&#8221;#8d8181&#8243; link_font_size=&#8221;16px&#8221; link_line_height=&#8221;2em&#8221; header_4_font=&#8221;Playfair Display SC||||||||&#8221; header_4_font_size=&#8221;20px&#8221; header_4_line_height=&#8221;1.5em&#8221; background_layout=&#8221;dark&#8221; custom_margin=&#8221;20px|||&#8221;]<\/p>\n<h4>\u00bfDeseas ver m\u00e1s?<\/h4>\n<p><a href=\"https:\/\/www.rinconesdelvino.com\/ezcaray\/carta-2019\/\">Nuestra carta<\/a><br \/><a href=\"https:\/\/www.rinconesdelvino.com\/ezcaray\/blog-y-noticias-relacionadas\/\">Blog<\/a><br \/><a href=\"https:\/\/rinconesdelvino.com\/apartamentos\/\" target=\"_blank\" rel=\"noopener\">Apartamentos<\/a><\/p>\n<p>[\/et_pb_text][\/et_pb_column][et_pb_column type=&#8221;1_4&#8243; _builder_version=&#8221;3.0.47&#8243; parallax=&#8221;off&#8221; parallax_method=&#8221;on&#8221;][et_pb_text admin_label=&#8221;Nos vemos&#8221; _builder_version=&#8221;3.17.2&#8243; text_font=&#8221;||||||||&#8221; text_text_color=&#8221;#898989&#8243; text_font_size=&#8221;18px&#8221; text_line_height=&#8221;1.8em&#8221; link_font=&#8221;Open Sans|600|||||||&#8221; link_text_color=&#8221;#8d8181&#8243; link_font_size=&#8221;16px&#8221; link_line_height=&#8221;2em&#8221; header_font=&#8221;||||||||&#8221; header_2_font=&#8221;||||||||&#8221; header_3_font=&#8221;||||||||&#8221; header_4_font=&#8221;Playfair Display SC||||||||&#8221; header_4_font_size=&#8221;20px&#8221; header_4_line_height=&#8221;1.5em&#8221; background_layout=&#8221;dark&#8221; custom_margin=&#8221;|||&#8221;]<\/p>\n<h4>Nos Vemos<\/h4>\n<p>Jes\u00fas Nazareno, 2<br \/>26280 Ezcaray<\/p>\n<p>[\/et_pb_text][et_pb_text admin_label=&#8221;Siguenos&#8221; _builder_version=&#8221;3.17.2&#8243; text_font=&#8221;||||||||&#8221; link_font=&#8221;Open Sans|600|||||||&#8221; link_text_color=&#8221;#8d8181&#8243; link_font_size=&#8221;16px&#8221; link_line_height=&#8221;2em&#8221; header_font=&#8221;||||||||&#8221; header_2_font=&#8221;||||||||&#8221; header_3_font=&#8221;||||||||&#8221; header_4_font=&#8221;Playfair Display SC||||||||&#8221; header_4_font_size=&#8221;20px&#8221; header_4_line_height=&#8221;1.5em&#8221; background_layout=&#8221;dark&#8221; custom_margin=&#8221;20px||0px|&#8221;]<\/p>\n<h4>S\u00edguenos<\/h4>\n<p>[\/et_pb_text][et_pb_social_media_follow _builder_version=&#8221;3.17.2&#8243; border_radii=&#8221;on|0px|0px|0px|0px&#8221; border_width_all=&#8221;8px&#8221; border_color_all=&#8221;rgba(0,0,0,0)&#8221; custom_margin=&#8221;1px|||&#8221;][et_pb_social_media_follow_network social_network=&#8221;facebook&#8221; url=&#8221;https:\/\/www.facebook.com\/restauranteelrincondelvinoezcaray\/&#8221; _builder_version=&#8221;3.17.2&#8243; background_color=&#8221;rgba(141,129,129,0.15)&#8221; border_radii=&#8221;on|3px|3px|3px|3px&#8221; follow_button=&#8221;off&#8221; url_new_window=&#8221;on&#8221;]<\/p>\n<p>facebook<\/p>\n<p>[\/et_pb_social_media_follow_network][\/et_pb_social_media_follow][\/et_pb_column][et_pb_column type=&#8221;1_2&#8243; _builder_version=&#8221;3.0.47&#8243; parallax=&#8221;off&#8221; parallax_method=&#8221;on&#8221;][et_pb_contact_form captcha=&#8221;off&#8221; email=&#8221;ezcaray@rinconesdelvino.com&#8221; title=&#8221;Escr\u00edbenos&#8221; custom_message=&#8221;Mensaje desde la web||et_pb_line_break_holder||||et_pb_line_break_holder||Nombre: %%Name%%||et_pb_line_break_holder||Mail: %%Email%%||et_pb_line_break_holder||Nota: %%Notes%%&#8221; submit_button_text=&#8221;ENVIAR&#8221; form_background_color=&#8221;rgba(141,129,129,0.15)&#8221; module_id=&#8221;et_pb_contact_form_0&#8243; _builder_version=&#8221;3.17.2&#8243; title_level=&#8221;h4&#8243; title_font=&#8221;Playfair Display SC||||||||&#8221; title_text_color=&#8221;#ffffff&#8221; title_font_size=&#8221;20px&#8221; title_line_height=&#8221;1.5em&#8221; form_field_font=&#8221;Open Sans||||||||&#8221; form_field_text_color=&#8221;rgba(255,255,255,0.8)&#8221; form_field_font_size=&#8221;16px&#8221; form_field_line_height=&#8221;1.5em&#8221; button_bg_color_gradient_start=&#8221;rgba(255,255,255,0)&#8221; button_bg_color_gradient_end=&#8221;#8d8181&#8243; button_bg_color_gradient_start_position=&#8221;95%&#8221; button_bg_color_gradient_end_position=&#8221;95%&#8221; button_icon=&#8221;%%180%%&#8221; button_icon_placement=&#8221;left&#8221;][et_pb_contact_field field_id=&#8221;Name&#8221; field_title=&#8221;Nombre&#8221; _builder_version=&#8221;3.17.2&#8243; border_radii=&#8221;on||||&#8221; button_text_size__hover_enabled=&#8221;off&#8221; button_one_text_size__hover_enabled=&#8221;off&#8221; button_two_text_size__hover_enabled=&#8221;off&#8221; button_text_color__hover_enabled=&#8221;off&#8221; button_one_text_color__hover_enabled=&#8221;off&#8221; button_two_text_color__hover_enabled=&#8221;off&#8221; button_border_width__hover_enabled=&#8221;off&#8221; button_one_border_width__hover_enabled=&#8221;off&#8221; button_two_border_width__hover_enabled=&#8221;off&#8221; button_border_color__hover_enabled=&#8221;off&#8221; button_one_border_color__hover_enabled=&#8221;off&#8221; button_two_border_color__hover_enabled=&#8221;off&#8221; button_border_radius__hover_enabled=&#8221;off&#8221; button_one_border_radius__hover_enabled=&#8221;off&#8221; button_two_border_radius__hover_enabled=&#8221;off&#8221; button_letter_spacing__hover_enabled=&#8221;off&#8221; button_one_letter_spacing__hover_enabled=&#8221;off&#8221; button_two_letter_spacing__hover_enabled=&#8221;off&#8221; button_bg_color__hover_enabled=&#8221;off&#8221; button_one_bg_color__hover_enabled=&#8221;off&#8221; button_two_bg_color__hover_enabled=&#8221;off&#8221;][\/et_pb_contact_field][et_pb_contact_field field_id=&#8221;Email&#8221; field_title=&#8221;Direcci\u00f3n Email&#8221; field_type=&#8221;email&#8221; _builder_version=&#8221;3.17.2&#8243; border_radii=&#8221;on||||&#8221; button_text_size__hover_enabled=&#8221;off&#8221; button_one_text_size__hover_enabled=&#8221;off&#8221; button_two_text_size__hover_enabled=&#8221;off&#8221; button_text_color__hover_enabled=&#8221;off&#8221; button_one_text_color__hover_enabled=&#8221;off&#8221; button_two_text_color__hover_enabled=&#8221;off&#8221; button_border_width__hover_enabled=&#8221;off&#8221; button_one_border_width__hover_enabled=&#8221;off&#8221; button_two_border_width__hover_enabled=&#8221;off&#8221; button_border_color__hover_enabled=&#8221;off&#8221; button_one_border_color__hover_enabled=&#8221;off&#8221; button_two_border_color__hover_enabled=&#8221;off&#8221; button_border_radius__hover_enabled=&#8221;off&#8221; button_one_border_radius__hover_enabled=&#8221;off&#8221; button_two_border_radius__hover_enabled=&#8221;off&#8221; button_letter_spacing__hover_enabled=&#8221;off&#8221; button_one_letter_spacing__hover_enabled=&#8221;off&#8221; button_two_letter_spacing__hover_enabled=&#8221;off&#8221; button_bg_color__hover_enabled=&#8221;off&#8221; button_one_bg_color__hover_enabled=&#8221;off&#8221; button_two_bg_color__hover_enabled=&#8221;off&#8221;][\/et_pb_contact_field][et_pb_contact_field field_id=&#8221;Notes&#8221; field_title=&#8221;Notas&#8221; field_type=&#8221;text&#8221; fullwidth_field=&#8221;on&#8221; _builder_version=&#8221;3.17.2&#8243; border_radii=&#8221;on||||&#8221; button_text_size__hover_enabled=&#8221;off&#8221; button_one_text_size__hover_enabled=&#8221;off&#8221; button_two_text_size__hover_enabled=&#8221;off&#8221; button_text_color__hover_enabled=&#8221;off&#8221; button_one_text_color__hover_enabled=&#8221;off&#8221; button_two_text_color__hover_enabled=&#8221;off&#8221; button_border_width__hover_enabled=&#8221;off&#8221; button_one_border_width__hover_enabled=&#8221;off&#8221; button_two_border_width__hover_enabled=&#8221;off&#8221; button_border_color__hover_enabled=&#8221;off&#8221; button_one_border_color__hover_enabled=&#8221;off&#8221; button_two_border_color__hover_enabled=&#8221;off&#8221; button_border_radius__hover_enabled=&#8221;off&#8221; button_one_border_radius__hover_enabled=&#8221;off&#8221; button_two_border_radius__hover_enabled=&#8221;off&#8221; button_letter_spacing__hover_enabled=&#8221;off&#8221; button_one_letter_spacing__hover_enabled=&#8221;off&#8221; button_two_letter_spacing__hover_enabled=&#8221;off&#8221; button_bg_color__hover_enabled=&#8221;off&#8221; button_one_bg_color__hover_enabled=&#8221;off&#8221; button_two_bg_color__hover_enabled=&#8221;off&#8221;][\/et_pb_contact_field][\/et_pb_contact_form][\/et_pb_column][\/et_pb_row][\/et_pb_section]<\/p>\n","protected":false},"excerpt":{"rendered":"<p>[et_pb_section fb_built=&#8221;1&#8243; _builder_version=&#8221;3.0.47&#8243; custom_padding=&#8221;0|0px|0|0px|false|false&#8221;][et_pb_row custom_padding=&#8221;0px||&#8221; custom_margin=&#8221;||&#8221; _builder_version=&#8221;3.17.2&#8243; background_size=&#8221;initial&#8221; background_position=&#8221;top_left&#8221; background_repeat=&#8221;repeat&#8221;][et_pb_column type=&#8221;4_4&#8243; _builder_version=&#8221;3.0.47&#8243; parallax=&#8221;off&#8221; parallax_method=&#8221;on&#8221;][et_pb_image src=&#8221;https:\/\/www.rinconesdelvino.com\/ezcaray\/wp-content\/uploads\/2019\/03\/cabecera-2019-tienda.jpg&#8221; _builder_version=&#8221;3.17.2&#8243;]&nbsp; [\/et_pb_image][\/et_pb_column][\/et_pb_row][et_pb_row use_custom_gutter=&#8221;on&#8221; custom_padding=&#8221;0px|0px|0px|0px|true|false&#8221; custom_margin=&#8221;||30px|&#8221; make_equal=&#8221;on&#8221; background_color_1=&#8221;#911414&#8243; background_color_2=&#8221;#7a9500&#8243; bg_img_1=&#8221;https:\/\/www.rinconesdelvino.com\/ezcaray\/wp-content\/uploads\/2019\/03\/tienda-col1.jpg&#8221; bg_img_2=&#8221;https:\/\/www.rinconesdelvino.com\/ezcaray\/wp-content\/uploads\/2016\/03\/comedor-chimenea.jpg&#8221; padding_top_bottom_link_1=&#8221;true&#8221; padding_top_bottom_link_2=&#8221;true&#8221; padding_left_right_link_1=&#8221;true&#8221; padding_left_right_link_2=&#8221;true&#8221; background_repeat_1=&#8221;no-repeat&#8221; background_repeat_2=&#8221;no-repeat&#8221; background_blend_2=&#8221;multiply&#8221; padding_top_2=&#8221;40px&#8221; padding_right_2=&#8221;40px&#8221; padding_bottom_2=&#8221;40px&#8221; padding_left_2=&#8221;40px&#8221; padding_2_phone=&#8221;40px|20px|40px|20px|true|true&#8221; padding_2_last_edited=&#8221;on|desktop&#8221; _builder_version=&#8221;3.17.2&#8243; animation_style=&#8221;slide&#8221; animation_direction=&#8221;bottom&#8221; animation_duration=&#8221;400ms&#8221;][et_pb_column type=&#8221;1_2&#8243; _builder_version=&#8221;3.0.47&#8243; bg_img=&#8221;https:\/\/www.rinconesdelvino.com\/ezcaray\/wp-content\/uploads\/2019\/03\/tienda-col1.jpg&#8221; background_color=&#8221;#911414&#8243; parallax=&#8221;off&#8221; parallax_method=&#8221;on&#8221; background_repeat=&#8221;no-repeat&#8221;][\/et_pb_column][et_pb_column type=&#8221;1_2&#8243; _builder_version=&#8221;3.0.47&#8243; padding_phone=&#8221;40px|20px|40px|20px|true|true&#8221; padding_last_edited=&#8221;on|desktop&#8221; padding_bottom=&#8221;40px&#8221; padding_left=&#8221;40px&#8221; [&hellip;]<\/p>\n","protected":false},"author":1,"featured_media":0,"parent":0,"menu_order":0,"comment_status":"closed","ping_status":"closed","template":"","meta":{"_et_pb_use_builder":"on","_et_pb_old_content":"","_et_gb_content_width":"","footnotes":""},"_links":{"self":[{"href":"https:\/\/www.rinconesdelvino.com\/ezcaray\/wp-json\/wp\/v2\/pages\/16238"}],"collection":[{"href":"https:\/\/www.rinconesdelvino.com\/ezcaray\/wp-json\/wp\/v2\/pages"}],"about":[{"href":"https:\/\/www.rinconesdelvino.com\/ezcaray\/wp-json\/wp\/v2\/types\/page"}],"author":[{"embeddable":true,"href":"https:\/\/www.rinconesdelvino.com\/ezcaray\/wp-json\/wp\/v2\/users\/1"}],"replies":[{"embeddable":true,"href":"https:\/\/www.rinconesdelvino.com\/ezcaray\/wp-json\/wp\/v2\/comments?post=16238"}],"version-history":[{"count":17,"href":"https:\/\/www.rinconesdelvino.com\/ezcaray\/wp-json\/wp\/v2\/pages\/16238\/revisions"}],"predecessor-version":[{"id":16267,"href":"https:\/\/www.rinconesdelvino.com\/ezcaray\/wp-json\/wp\/v2\/pages\/16238\/revisions\/16267"}],"wp:attachment":[{"href":"https:\/\/www.rinconesdelvino.com\/ezcaray\/wp-json\/wp\/v2\/media?parent=16238"}],"curies":[{"name":"wp","href":"https:\/\/api.w.org\/{rel}","templated":true}]}}