{"id":15796,"date":"2016-03-22T11:07:20","date_gmt":"2016-03-22T11:07:20","guid":{"rendered":"http:\/\/www.rinconesdelvino.com\/ezcaray\/?page_id=15796"},"modified":"2019-01-10T15:19:51","modified_gmt":"2019-01-10T15:19:51","slug":"comedores-para-eventos","status":"publish","type":"page","link":"https:\/\/www.rinconesdelvino.com\/ezcaray\/comedores-para-eventos\/","title":{"rendered":"Comedores para eventos"},"content":{"rendered":"<p>[et_pb_section admin_label=&#8221;section&#8221; transparent_background=&#8221;off&#8221; allow_player_pause=&#8221;off&#8221; inner_shadow=&#8221;off&#8221; parallax=&#8221;off&#8221; parallax_method=&#8221;off&#8221; padding_mobile=&#8221;off&#8221; make_fullwidth=&#8221;off&#8221; use_custom_width=&#8221;off&#8221; width_unit=&#8221;on&#8221; make_equal=&#8221;off&#8221; use_custom_gutter=&#8221;off&#8221; gutter_width=&#8221;3&#8243; custom_padding=&#8221;30px||30px|&#8221;][et_pb_row admin_label=&#8221;row&#8221;][et_pb_column type=&#8221;1_3&#8243;][et_pb_cta admin_label=&#8221;comedores para eventos&#8221; button_url=&#8221;#&#8221; url_new_window=&#8221;off&#8221; button_text=&#8221;Pide presupuesto&#8221; use_background_color=&#8221;off&#8221; background_color=&#8221;#7EBEC5&#8243; background_layout=&#8221;light&#8221; text_orientation=&#8221;left&#8221; header_font_size=&#8221;26&#8243; body_font_size=&#8221;14&#8243; use_border_color=&#8221;off&#8221; border_color=&#8221;#ffffff&#8221; border_style=&#8221;solid&#8221; custom_button=&#8221;off&#8221; button_text_size=&#8221;20&#8243; button_border_width=&#8221;2&#8243; button_border_radius=&#8221;3&#8243; button_letter_spacing=&#8221;0&#8243; button_use_icon=&#8221;default&#8221; button_icon_placement=&#8221;right&#8221; button_on_hover=&#8221;on&#8221; button_border_radius_hover=&#8221;3&#8243; button_letter_spacing_hover=&#8221;0&#8243;]<\/p>\n<h1>Comedores para eventos<\/h1>\n<p>En el Rinc\u00f3n del Vino tambi\u00e9n puedes celebrar si lo deseas tu evento o celebraci\u00f3n familiar.<\/p>\n<p>El restaurante dispone de dos salones con chimeneas decorados r\u00fasticamente en los que no hay espacio que quede sin detalle, desde las tronas para los ni\u00f1os hasta determinada vajilla que artesanalmente se elabora con maderas recicladas conjugando un ambiente rural, rom\u00e1ntico y acogedor que har\u00e1n que tu evento se convierta en todo un \u00e9xito.<\/p>\n<p>Y si el tiempo lo permite, las terrazas y jardines del restaurante se habilitan para disfrutar de las comidas y cenas al aire libre.<\/p>\n<p>[\/et_pb_cta][\/et_pb_column][et_pb_column type=&#8221;2_3&#8243;][et_pb_image admin_label=&#8221;comedor principal&#8221; src=&#8221;https:\/\/www.rinconesdelvino.com\/ezcaray\/wp-content\/uploads\/2016\/03\/comedor-principal-largo.jpg&#8221; show_in_lightbox=&#8221;on&#8221; url_new_window=&#8221;off&#8221; animation=&#8221;off&#8221; sticky=&#8221;on&#8221; align=&#8221;left&#8221; force_fullwidth=&#8221;off&#8221; always_center_on_mobile=&#8221;on&#8221; use_border_color=&#8221;off&#8221; border_color=&#8221;#ffffff&#8221; border_style=&#8221;solid&#8221;] [\/et_pb_image][et_pb_divider admin_label=&#8221;Separador&#8221; color=&#8221;#ffffff&#8221; show_divider=&#8221;off&#8221; height=&#8221;20&#8243; divider_style=&#8221;solid&#8221; divider_position=&#8221;top&#8221; divider_weight=&#8221;1&#8243; hide_on_mobile=&#8221;on&#8221;] [\/et_pb_divider][et_pb_text admin_label=&#8221;galeria en texto&#8221; background_layout=&#8221;light&#8221; text_orientation=&#8221;left&#8221; text_font_size=&#8221;14&#8243; use_border_color=&#8221;off&#8221; border_color=&#8221;#ffffff&#8221; border_style=&#8221;solid&#8221;]<\/p>\n\n\t\t<style type=\"text\/css\">\n\t\t\t#gallery-1 {\n\t\t\t\tmargin: auto;\n\t\t\t}\n\t\t\t#gallery-1 .gallery-item {\n\t\t\t\tfloat: left;\n\t\t\t\tmargin-top: 10px;\n\t\t\t\ttext-align: center;\n\t\t\t\twidth: 33%;\n\t\t\t}\n\t\t\t#gallery-1 img {\n\t\t\t\tborder: 2px solid #cfcfcf;\n\t\t\t}\n\t\t\t#gallery-1 .gallery-caption {\n\t\t\t\tmargin-left: 0;\n\t\t\t}\n\t\t\t\/* see gallery_shortcode() in wp-includes\/media.php *\/\n\t\t<\/style>\n\t\t<div id='gallery-1' class='gallery galleryid-15796 gallery-columns-3 gallery-size-thumbnail'><dl class='gallery-item'>\n\t\t\t<dt class='gallery-icon landscape'>\n\t\t\t\t<a href='https:\/\/www.rinconesdelvino.com\/ezcaray\/wp-content\/uploads\/2016\/03\/comedor-reservado-redondo.jpg'><img loading=\"lazy\" decoding=\"async\" width=\"150\" height=\"150\" src=\"https:\/\/www.rinconesdelvino.com\/ezcaray\/wp-content\/uploads\/2016\/03\/comedor-reservado-redondo-150x150.jpg\" class=\"attachment-thumbnail size-thumbnail\" alt=\"\" \/><\/a>\n\t\t\t<\/dt><\/dl><dl class='gallery-item'>\n\t\t\t<dt class='gallery-icon landscape'>\n\t\t\t\t<a href='https:\/\/www.rinconesdelvino.com\/ezcaray\/wp-content\/uploads\/2016\/03\/comedor-jardin-vermut.jpg'><img loading=\"lazy\" decoding=\"async\" width=\"150\" height=\"150\" src=\"https:\/\/www.rinconesdelvino.com\/ezcaray\/wp-content\/uploads\/2016\/03\/comedor-jardin-vermut-150x150.jpg\" class=\"attachment-thumbnail size-thumbnail\" alt=\"\" \/><\/a>\n\t\t\t<\/dt><\/dl>\n\t\t\t<br style='clear: both' \/>\n\t\t<\/div>\n\n<p>[\/et_pb_text][et_pb_divider admin_label=&#8221;Separador&#8221; color=&#8221;#ffffff&#8221; show_divider=&#8221;off&#8221; height=&#8221;30&#8243; divider_style=&#8221;solid&#8221; divider_position=&#8221;top&#8221; divider_weight=&#8221;1&#8243; hide_on_mobile=&#8221;on&#8221;] [\/et_pb_divider][\/et_pb_column][\/et_pb_row][\/et_pb_section]<\/p>\n","protected":false},"excerpt":{"rendered":"<p>[et_pb_section admin_label=&#8221;section&#8221; transparent_background=&#8221;off&#8221; allow_player_pause=&#8221;off&#8221; inner_shadow=&#8221;off&#8221; parallax=&#8221;off&#8221; parallax_method=&#8221;off&#8221; padding_mobile=&#8221;off&#8221; make_fullwidth=&#8221;off&#8221; use_custom_width=&#8221;off&#8221; width_unit=&#8221;on&#8221; make_equal=&#8221;off&#8221; use_custom_gutter=&#8221;off&#8221; gutter_width=&#8221;3&#8243; custom_padding=&#8221;30px||30px|&#8221;][et_pb_row admin_label=&#8221;row&#8221;][et_pb_column type=&#8221;1_3&#8243;][et_pb_cta admin_label=&#8221;comedores para eventos&#8221; button_url=&#8221;#&#8221; url_new_window=&#8221;off&#8221; button_text=&#8221;Pide presupuesto&#8221; use_background_color=&#8221;off&#8221; background_color=&#8221;#7EBEC5&#8243; background_layout=&#8221;light&#8221; text_orientation=&#8221;left&#8221; header_font_size=&#8221;26&#8243; body_font_size=&#8221;14&#8243; use_border_color=&#8221;off&#8221; border_color=&#8221;#ffffff&#8221; border_style=&#8221;solid&#8221; custom_button=&#8221;off&#8221; button_text_size=&#8221;20&#8243; button_border_width=&#8221;2&#8243; button_border_radius=&#8221;3&#8243; button_letter_spacing=&#8221;0&#8243; button_use_icon=&#8221;default&#8221; button_icon_placement=&#8221;right&#8221; button_on_hover=&#8221;on&#8221; button_border_radius_hover=&#8221;3&#8243; button_letter_spacing_hover=&#8221;0&#8243;] Comedores para eventos En el Rinc\u00f3n del Vino tambi\u00e9n puedes celebrar si [&hellip;]<\/p>\n","protected":false},"author":1,"featured_media":0,"parent":0,"menu_order":0,"comment_status":"closed","ping_status":"closed","template":"","meta":{"_et_pb_use_builder":"on","_et_pb_old_content":"<p>[et_pb_section admin_label=\"section\" transparent_background=\"off\" allow_player_pause=\"off\" inner_shadow=\"off\" parallax=\"off\" parallax_method=\"off\" padding_mobile=\"off\" make_fullwidth=\"off\" use_custom_width=\"off\" width_unit=\"on\" make_equal=\"off\" use_custom_gutter=\"off\" gutter_width=\"3\" custom_padding=\"30px||30px|\"][et_pb_row admin_label=\"row\"][et_pb_column type=\"1_3\"][et_pb_cta admin_label=\"presentacion de la carta\" button_url=\"https:\/\/www.rinconesdelvino.com\/ezcaray\/carta\/algo-frio\/\" url_new_window=\"off\" button_text=\"Ver la carta\" use_background_color=\"off\" background_color=\"#7EBEC5\" background_layout=\"light\" text_orientation=\"left\" header_font_size=\"26\" body_font_size=\"14\" use_border_color=\"off\" border_color=\"#ffffff\" border_style=\"solid\" custom_button=\"off\" button_text_size=\"20\" button_border_width=\"2\" button_border_radius=\"3\" button_letter_spacing=\"0\" button_use_icon=\"default\" button_icon_placement=\"right\" button_on_hover=\"on\" button_border_radius_hover=\"3\" button_letter_spacing_hover=\"0\"]<\/p><h1>Carta<\/h1><p>Bajo la direcci\u00f3n de cocinas de\u00a0Armando Soto Mendi, y sin renunciar a sus ra\u00edces y a los sabores de siempre y con una materia prima impecable de temporada procedente de las huertas y sierras riojanas ofrece en su men\u00fa una gran variedad de suculentos platos de la reconocida gastronom\u00eda riojana.<\/p><p>Bajo un prisma moderno y rejuvenecedor busca jugar con las texturas, los sabores y los colores en sus presentaciones haciendo as\u00ed que platos de verduras, pescados, carnes a la brasa, setas, caza\u00a0 y como no, los postres, lleguen a sorprender gratamente a nuestros clientes.<\/p><p>[\/et_pb_cta][\/et_pb_column][et_pb_column type=\"2_3\"][et_pb_image admin_label=\"becada al aire\" src=\"https:\/\/www.rinconesdelvino.com\/ezcaray\/wp-content\/uploads\/2016\/02\/becada-en-santa-barbara-pano.jpg\" show_in_lightbox=\"on\" url_new_window=\"off\" animation=\"fade_in\" sticky=\"on\" align=\"left\" force_fullwidth=\"off\" always_center_on_mobile=\"on\" use_border_color=\"off\" border_color=\"#ffffff\" border_style=\"solid\"] [\/et_pb_image][et_pb_divider admin_label=\"Separador\" color=\"#ffffff\" show_divider=\"off\" height=\"20\" divider_style=\"solid\" divider_position=\"top\" divider_weight=\"1\" hide_on_mobile=\"on\"] [\/et_pb_divider][et_pb_text admin_label=\"galeria en texto\" background_layout=\"light\" text_orientation=\"left\" text_font_size=\"14\" use_border_color=\"off\" border_color=\"#ffffff\" border_style=\"solid\"]<\/p><p>[gallery link=\"file\" ids=\"15600,15591,15588\"]<\/p><p>[\/et_pb_text][et_pb_divider admin_label=\"Separador\" color=\"#ffffff\" show_divider=\"off\" height=\"30\" divider_style=\"solid\" divider_position=\"top\" divider_weight=\"1\" hide_on_mobile=\"on\"] [\/et_pb_divider][\/et_pb_column][\/et_pb_row][\/et_pb_section]<\/p>","_et_gb_content_width":"","footnotes":""},"_links":{"self":[{"href":"https:\/\/www.rinconesdelvino.com\/ezcaray\/wp-json\/wp\/v2\/pages\/15796"}],"collection":[{"href":"https:\/\/www.rinconesdelvino.com\/ezcaray\/wp-json\/wp\/v2\/pages"}],"about":[{"href":"https:\/\/www.rinconesdelvino.com\/ezcaray\/wp-json\/wp\/v2\/types\/page"}],"author":[{"embeddable":true,"href":"https:\/\/www.rinconesdelvino.com\/ezcaray\/wp-json\/wp\/v2\/users\/1"}],"replies":[{"embeddable":true,"href":"https:\/\/www.rinconesdelvino.com\/ezcaray\/wp-json\/wp\/v2\/comments?post=15796"}],"version-history":[{"count":6,"href":"https:\/\/www.rinconesdelvino.com\/ezcaray\/wp-json\/wp\/v2\/pages\/15796\/revisions"}],"predecessor-version":[{"id":15807,"href":"https:\/\/www.rinconesdelvino.com\/ezcaray\/wp-json\/wp\/v2\/pages\/15796\/revisions\/15807"}],"wp:attachment":[{"href":"https:\/\/www.rinconesdelvino.com\/ezcaray\/wp-json\/wp\/v2\/media?parent=15796"}],"curies":[{"name":"wp","href":"https:\/\/api.w.org\/{rel}","templated":true}]}}