{"id":15690,"date":"2016-03-09T18:11:25","date_gmt":"2016-03-09T18:11:25","guid":{"rendered":"http:\/\/www.rinconesdelvino.com\/ezcaray\/?page_id=15690"},"modified":"2017-07-27T09:47:56","modified_gmt":"2017-07-27T09:47:56","slug":"restaurante","status":"publish","type":"page","link":"https:\/\/www.rinconesdelvino.com\/ezcaray\/restaurante\/","title":{"rendered":"Restaurante"},"content":{"rendered":"<p>[et_pb_section admin_label=&#8221;Secci\u00f3n&#8221; fullwidth=&#8221;off&#8221; specialty=&#8221;off&#8221; background_image=&#8221;https:\/\/www.rinconesdelvino.com\/ezcaray\/wp-content\/uploads\/2016\/03\/restaurante-main2-1050.jpg&#8221; transparent_background=&#8221;off&#8221; allow_player_pause=&#8221;off&#8221; inner_shadow=&#8221;off&#8221; parallax=&#8221;on&#8221; parallax_method=&#8221;off&#8221; padding_mobile=&#8221;off&#8221; make_fullwidth=&#8221;off&#8221; use_custom_width=&#8221;off&#8221; width_unit=&#8221;on&#8221; make_equal=&#8221;off&#8221; use_custom_gutter=&#8221;off&#8221; gutter_width=&#8221;3&#8243; module_class=&#8221;PantallaCompleta&#8221;][et_pb_row admin_label=&#8221;Fila&#8221;][et_pb_column type=&#8221;1_3&#8243;][et_pb_divider admin_label=&#8221;Separador&#8221; color=&#8221;#ffffff&#8221; show_divider=&#8221;off&#8221; divider_style=&#8221;solid&#8221; divider_position=&#8221;top&#8221; divider_weight=&#8221;1&#8243; hide_on_mobile=&#8221;on&#8221;]<\/p>\n<p>&nbsp;<\/p>\n<p>[\/et_pb_divider][et_pb_text admin_label=&#8221;Texto&#8221; background_layout=&#8221;light&#8221; text_orientation=&#8221;left&#8221; text_font_size=&#8221;14&#8243; use_border_color=&#8221;off&#8221; border_color=&#8221;#ffffff&#8221; border_style=&#8221;solid&#8221; background_color=&#8221;rgba(255,255,255,0.8)&#8221; custom_padding=&#8221;30px|30px|30px|30px&#8221;]<\/p>\n<h1>El Rinc\u00f3n del Vino<br \/>\nde Ezcaray<\/h1>\n<p>Inaugurado por la familia Soto Mendi en 1983, presenta bajo un ambiente r\u00fastico y acogedor lleno de detalles, una cocina tradicional de gran calidad y sabor con toques modernos.<\/p>\n<p>A lo largo de estos a\u00f1os, la parrilla se ha convertido en un utensilio frecuente de nuestra cocina. Por ella, pasan las mejores carnes rojas, impregn\u00e1ndosen de los aromas que desprenden nuestras brasas.<\/p>\n<p>El restaurante dispone de dos salones con chimeneas, decorados r\u00fasticamente, en los que no hay espacio que quede sin detalle, desde las tronas para los ni\u00f1os hasta la vajilla que artesanalmente se elabora con maderas recicladas conjugan un ambiente rural, rom\u00e1ntico y acogedor.<\/p>\n<p>Y con buen tiempo, las terrazas y jardines del restaurante se habilitan para disfrutar de las comidas y cenas al aire libre.<\/p>\n<p>[\/et_pb_text][\/et_pb_column][et_pb_column type=&#8221;1_3&#8243;][et_pb_divider admin_label=&#8221;Separador&#8221; color=&#8221;#ffffff&#8221; show_divider=&#8221;off&#8221; divider_style=&#8221;solid&#8221; divider_position=&#8221;top&#8221; divider_weight=&#8221;1&#8243; hide_on_mobile=&#8221;on&#8221;]<\/p>\n<p>&nbsp;<\/p>\n<p>[\/et_pb_divider][et_pb_gallery admin_label=&#8221;Galer\u00eda de platos&#8221; gallery_ids=&#8221;15787,15788,15790&#8243; fullwidth=&#8221;on&#8221; show_title_and_caption=&#8221;off&#8221; show_pagination=&#8221;off&#8221; background_layout=&#8221;light&#8221; auto=&#8221;on&#8221; auto_speed=&#8221;3500&#8243; hover_overlay_color=&#8221;rgba(255,255,255,0.9)&#8221; caption_font_size=&#8221;14&#8243; caption_all_caps=&#8221;off&#8221; title_font_size=&#8221;16&#8243; use_border_color=&#8221;off&#8221; border_color=&#8221;#ffffff&#8221; border_style=&#8221;solid&#8221;]<br \/>\n[\/et_pb_gallery][\/et_pb_column][et_pb_column type=&#8221;1_3&#8243;][et_pb_divider admin_label=&#8221;Separador&#8221; color=&#8221;#ffffff&#8221; show_divider=&#8221;off&#8221; divider_style=&#8221;solid&#8221; divider_position=&#8221;top&#8221; divider_weight=&#8221;1&#8243; hide_on_mobile=&#8221;on&#8221;]<\/p>\n<p>&nbsp;<\/p>\n<p>[\/et_pb_divider][et_pb_text admin_label=&#8221;Ver la carta&#8221; background_layout=&#8221;light&#8221; text_orientation=&#8221;left&#8221; text_font_size=&#8221;14&#8243; use_border_color=&#8221;off&#8221; border_color=&#8221;#ffffff&#8221; border_style=&#8221;solid&#8221; background_color=&#8221;rgba(255,255,255,0.8)&#8221; custom_padding=&#8221;30px|30px|30px|30px&#8221; text_text_color=&#8221;#000000&#8243;]<\/p>\n<p>Descubre los platos en nuestra carta de temporada.<\/p>\n<p><a class=\"BotonSobreClaro\" href=\"https:\/\/www.rinconesdelvino.com\/ezcaray\/carta\/\">Ver la carta<\/a><\/p>\n<p>[\/et_pb_text][et_pb_text admin_label=&#8221;tienda &#8221; background_layout=&#8221;dark&#8221; text_orientation=&#8221;left&#8221; text_font_size=&#8221;14&#8243; use_border_color=&#8221;off&#8221; border_color=&#8221;#ffffff&#8221; border_style=&#8221;solid&#8221; background_color=&#8221;rgba(66,66,66,0.8)&#8221; custom_padding=&#8221;40px|40px|40px|40px&#8221;]<\/p>\n<p>El Rinc\u00f3n del Vino ofrece una tienda de <strong>productos de calidad<\/strong> y referencias casi \u00fanicas en <strong>vinos destacados<\/strong> a sus visitantes.<\/p>\n<p><a class=\"BotonSobreOscuro\" href=\"https:\/\/www.rinconesdelvino.com\/ezcaray\/tienda\/\">Ver la tienda<\/a><\/p>\n<p>[\/et_pb_text][et_pb_text admin_label=&#8221;Comedores para Eventos&#8221; background_layout=&#8221;light&#8221; text_orientation=&#8221;left&#8221; text_font_size=&#8221;14&#8243; use_border_color=&#8221;off&#8221; border_color=&#8221;#ffffff&#8221; border_style=&#8221;solid&#8221; background_color=&#8221;rgba(255,255,255,0.8)&#8221; custom_padding=&#8221;30px|30px|30px|30px&#8221; text_text_color=&#8221;#000000&#8243;]<\/p>\n<p>En el Rinc\u00f3n del Vino tambi\u00e9n puedes celebrar tus eventos o celebraciones familiares.<\/p>\n<p><a class=\"BotonSobreClaro\" href=\"https:\/\/www.rinconesdelvino.com\/ezcaray\/comedores-para-eventos\/\">Comedores para Eventos<\/a><\/p>\n<p>[\/et_pb_text][\/et_pb_column][\/et_pb_row][\/et_pb_section]<\/p>\n","protected":false},"excerpt":{"rendered":"<p>[et_pb_section admin_label=&#8221;Secci\u00f3n&#8221; fullwidth=&#8221;off&#8221; specialty=&#8221;off&#8221; background_image=&#8221;https:\/\/www.rinconesdelvino.com\/ezcaray\/wp-content\/uploads\/2016\/03\/restaurante-main2-1050.jpg&#8221; transparent_background=&#8221;off&#8221; allow_player_pause=&#8221;off&#8221; inner_shadow=&#8221;off&#8221; parallax=&#8221;on&#8221; parallax_method=&#8221;off&#8221; padding_mobile=&#8221;off&#8221; make_fullwidth=&#8221;off&#8221; use_custom_width=&#8221;off&#8221; width_unit=&#8221;on&#8221; make_equal=&#8221;off&#8221; use_custom_gutter=&#8221;off&#8221; gutter_width=&#8221;3&#8243; module_class=&#8221;PantallaCompleta&#8221;][et_pb_row admin_label=&#8221;Fila&#8221;][et_pb_column type=&#8221;1_3&#8243;][et_pb_divider admin_label=&#8221;Separador&#8221; color=&#8221;#ffffff&#8221; show_divider=&#8221;off&#8221; divider_style=&#8221;solid&#8221; divider_position=&#8221;top&#8221; divider_weight=&#8221;1&#8243; hide_on_mobile=&#8221;on&#8221;] &nbsp; [\/et_pb_divider][et_pb_text admin_label=&#8221;Texto&#8221; background_layout=&#8221;light&#8221; text_orientation=&#8221;left&#8221; text_font_size=&#8221;14&#8243; use_border_color=&#8221;off&#8221; border_color=&#8221;#ffffff&#8221; border_style=&#8221;solid&#8221; background_color=&#8221;rgba(255,255,255,0.8)&#8221; custom_padding=&#8221;30px|30px|30px|30px&#8221;] El Rinc\u00f3n del Vino de Ezcaray Inaugurado por la familia Soto Mendi en 1983, presenta bajo un [&hellip;]<\/p>\n","protected":false},"author":1,"featured_media":0,"parent":0,"menu_order":0,"comment_status":"closed","ping_status":"closed","template":"","meta":{"_et_pb_use_builder":"on","_et_pb_old_content":"","_et_gb_content_width":"","footnotes":""},"_links":{"self":[{"href":"https:\/\/www.rinconesdelvino.com\/ezcaray\/wp-json\/wp\/v2\/pages\/15690"}],"collection":[{"href":"https:\/\/www.rinconesdelvino.com\/ezcaray\/wp-json\/wp\/v2\/pages"}],"about":[{"href":"https:\/\/www.rinconesdelvino.com\/ezcaray\/wp-json\/wp\/v2\/types\/page"}],"author":[{"embeddable":true,"href":"https:\/\/www.rinconesdelvino.com\/ezcaray\/wp-json\/wp\/v2\/users\/1"}],"replies":[{"embeddable":true,"href":"https:\/\/www.rinconesdelvino.com\/ezcaray\/wp-json\/wp\/v2\/comments?post=15690"}],"version-history":[{"count":66,"href":"https:\/\/www.rinconesdelvino.com\/ezcaray\/wp-json\/wp\/v2\/pages\/15690\/revisions"}],"predecessor-version":[{"id":15830,"href":"https:\/\/www.rinconesdelvino.com\/ezcaray\/wp-json\/wp\/v2\/pages\/15690\/revisions\/15830"}],"wp:attachment":[{"href":"https:\/\/www.rinconesdelvino.com\/ezcaray\/wp-json\/wp\/v2\/media?parent=15690"}],"curies":[{"name":"wp","href":"https:\/\/api.w.org\/{rel}","templated":true}]}}